
{"id":8914,"date":"2022-09-06T16:58:28","date_gmt":"2022-09-06T16:58:28","guid":{"rendered":"https:\/\/ridehalo.oswaldo.ssdev.ca\/?page_id=8914"},"modified":"2022-10-04T20:59:51","modified_gmt":"2022-10-04T20:59:51","slug":"stay-connected","status":"publish","type":"page","link":"https:\/\/hoverlinkontario.com\/fr\/stay-connected\/","title":{"rendered":"Infolettre"},"content":{"rendered":"<div data-elementor-type=\"wp-page\" data-elementor-id=\"8914\" class=\"elementor elementor-8914\" data-elementor-post-type=\"page\">\n\t\t\t\t\t\t<section class=\"elementor-section elementor-top-section elementor-element elementor-element-76c05800 section-aboutus elementor-section-full_width elementor-reverse-tablet elementor-reverse-mobile elementor-section-height-default elementor-section-height-default\" data-id=\"76c05800\" data-element_type=\"section\">\n\t\t\t\t\t\t<div class=\"elementor-container elementor-column-gap-no\">\n\t\t\t\t\t<div class=\"elementor-column elementor-col-50 elementor-top-column elementor-element elementor-element-4d088504 right\" data-id=\"4d088504\" data-element_type=\"column\">\n\t\t\t<div class=\"elementor-widget-wrap elementor-element-populated\">\n\t\t\t\t\t\t<div class=\"elementor-element elementor-element-dba810f elementor-widget elementor-widget-tfl-heading\" data-id=\"dba810f\" data-element_type=\"widget\" data-widget_type=\"tfl-heading.default\">\n\t\t\t\t<div class=\"elementor-widget-container\">\n\t\t\t\n<div class=\"tfl-heading tfl-style1 tfl-alignleft\">\n\n    \n    <h2 class=\"tfl-title\">Montez \u00e0 bord<\/h2>\n\n<\/div><!-- .tfl-heading -->\t\t<\/div>\n\t\t\t\t<\/div>\n\t\t\t\t<div class=\"elementor-element elementor-element-2e327fcc elementor-widget elementor-widget-text-editor\" data-id=\"2e327fcc\" data-element_type=\"widget\" data-widget_type=\"text-editor.default\">\n\t\t\t\t<div class=\"elementor-widget-container\">\n\t\t\t\t\t\t\t<p>Restez connect\u00e9 et inscrivez-vous pour ne rien manquer de nos activit\u00e9s<\/p>\t\t\t\t\t\t<\/div>\n\t\t\t\t<\/div>\n\t\t\t\t<div class=\"elementor-element elementor-element-47c3167 elementor-widget elementor-widget-spacer\" data-id=\"47c3167\" data-element_type=\"widget\" data-widget_type=\"spacer.default\">\n\t\t\t\t<div class=\"elementor-widget-container\">\n\t\t\t\t\t<div class=\"elementor-spacer\">\n\t\t\t<div class=\"elementor-spacer-inner\"><\/div>\n\t\t<\/div>\n\t\t\t\t<\/div>\n\t\t\t\t<\/div>\n\t\t\t\t<div class=\"elementor-element elementor-element-be16448 elementor-widget elementor-widget-shortcode\" data-id=\"be16448\" data-element_type=\"widget\" data-widget_type=\"shortcode.default\">\n\t\t\t\t<div class=\"elementor-widget-container\">\n\t\t\t\t\t<div class=\"elementor-shortcode\"><script>(function() {\n\twindow.mc4wp = window.mc4wp || {\n\t\tlisteners: [],\n\t\tforms: {\n\t\t\ton: function(evt, cb) {\n\t\t\t\twindow.mc4wp.listeners.push(\n\t\t\t\t\t{\n\t\t\t\t\t\tevent   : evt,\n\t\t\t\t\t\tcallback: cb\n\t\t\t\t\t}\n\t\t\t\t);\n\t\t\t}\n\t\t}\n\t}\n})();\n<\/script><!-- Mailchimp for WordPress v4.9.15 - https:\/\/wordpress.org\/plugins\/mailchimp-for-wp\/ --><form id=\"mc4wp-form-1\" class=\"mc4wp-form mc4wp-form-9669\" method=\"post\" data-id=\"9669\" data-name=\"Newsletter\" action=\"\"><div class=\"mc4wp-form-fields\"><div class=\"contact-form\">\r\n    <div class=\"row\">\r\n        <div class=\"col-md-12 col-lg-6\">\r\n            <label> Nom (obligatoire) <\/label>\r\n\t\t\t<input type=\"text\" name=\"FNAME\" placeholder=\"Nom\" required=\"\"\/>\r\n        <\/div>\r\n        <div class=\"col-md-12 col-lg-6\">\r\n            <label>Num\u00e9ro de t\u00e9l\u00e9phone (obligatoire)<\/label>\r\n<input type=\"tel\" name=\"PHONE\" placeholder=\"Num\u00e9ro de t\u00e9l\u00e9phone\"\/>\r\n        <\/div>\r\n\r\n        <div class=\"col-md-12 col-lg-6\">\r\n            <label>Adresse courriel (obligatoire)<\/label>\r\n<input type=\"email\" name=\"EMAIL\" placeholder=\"Adresse courriel\"\r\nrequired=\"\"\/>\r\n        <\/div>\r\n\r\n        <div class=\"col-md-12 col-lg-6\">\r\n            <label>Ville (facultatif)<\/label>\r\n\t\t\t<input type=\"text\" name=\"CITY[city]\" placeholder=\"Ville\"\/>\r\n        <\/div>\r\n    <\/div>\r\n    <div class=\"row\">\r\n        <div class=\"col-md-12\">\r\n            <span class=\"wpcf7-form-control-wrap\" data-name=\"Newsletter\">\r\n              <span class=\"wpcf7-form-control wpcf7-checkbox wpcf7-validates-as-required\">\r\n                <span class=\"wpcf7-list-item first last\">\r\n                  <input type=\"checkbox\" required=\"\" name=\"AGREE_TO_TERMS\" value=\"By checking this box, I agree to receive emails and other communications from Hoverlink and its affiliated brands\/companies from time to time. I know that I can unsubscribe at any time.\"\/>\r\n                  <span class=\"wpcf7-list-item-label\">En cochant cette case, j\u2019accepte de recevoir occasionnellement des courriels et d\u2019autres communications de la part de Hoverlink et de ses marques\/soci\u00e9t\u00e9s affili\u00e9es. Je suis inform\u00e9 que je peux me d\u00e9sabonner \u00e0 tout moment (obligatoire).<\/span>\r\n                <\/span>\r\n              <\/span>\r\n          <\/span>\r\n        <\/div>\r\n        <div class=\"col-md-12\">\r\n            <input type=\"submit\" value=\"S\u2019inscrire\"\/>\r\n        <\/div>\r\n    <\/div>\r\n<\/div><\/div><label style=\"display: none !important;\">Leave this field empty if you're human: <input type=\"text\" name=\"_mc4wp_honeypot\" value=\"\" tabindex=\"-1\" autocomplete=\"off\" \/><\/label><input type=\"hidden\" name=\"_mc4wp_timestamp\" value=\"1776002074\" \/><input type=\"hidden\" name=\"_mc4wp_form_id\" value=\"9669\" \/><input type=\"hidden\" name=\"_mc4wp_form_element_id\" value=\"mc4wp-form-1\" \/><div class=\"mc4wp-response\"><\/div><input type=\"hidden\" name=\"trp-form-language\" value=\"fr\"\/><\/form><!-- \/ Mailchimp for WordPress Plugin --><\/div>\n\t\t\t\t<\/div>\n\t\t\t\t<\/div>\n\t\t\t\t\t<\/div>\n\t\t<\/div>\n\t\t\t\t<div class=\"elementor-column elementor-col-50 elementor-top-column elementor-element elementor-element-564a540\" data-id=\"564a540\" data-element_type=\"column\">\n\t\t\t<div class=\"elementor-widget-wrap elementor-element-populated\">\n\t\t\t\t\t\t<div class=\"elementor-element elementor-element-e67e7e2 bullet-slider elementor-pagination-position-outside elementor-widget elementor-widget-image-carousel\" data-id=\"e67e7e2\" data-element_type=\"widget\" data-settings=\"{&quot;slides_to_show&quot;:&quot;1&quot;,&quot;navigation&quot;:&quot;dots&quot;,&quot;autoplay&quot;:&quot;yes&quot;,&quot;pause_on_hover&quot;:&quot;yes&quot;,&quot;pause_on_interaction&quot;:&quot;yes&quot;,&quot;autoplay_speed&quot;:5000,&quot;infinite&quot;:&quot;yes&quot;,&quot;effect&quot;:&quot;slide&quot;,&quot;speed&quot;:500}\" data-widget_type=\"image-carousel.default\">\n\t\t\t\t<div class=\"elementor-widget-container\">\n\t\t\t\t\t<div class=\"elementor-image-carousel-wrapper swiper\" dir=\"ltr\">\n\t\t\t<div class=\"elementor-image-carousel swiper-wrapper\" aria-live=\"off\">\n\t\t\t\t\t\t\t\t<div class=\"swiper-slide\" role=\"group\" aria-roledescription=\"slide\" aria-label=\"1 of 5\"><figure class=\"swiper-slide-inner\"><img decoding=\"async\" class=\"swiper-slide-image\" src=\"https:\/\/hoverlinkontario.com\/wp-content\/uploads\/2022\/10\/toronto-golden-horseshoe-ontario-place.jpg\" alt=\"toronto-golden-horseshoe-ontario-place\" \/><\/figure><\/div><div class=\"swiper-slide\" role=\"group\" aria-roledescription=\"slide\" aria-label=\"2 of 5\"><figure class=\"swiper-slide-inner\"><img decoding=\"async\" class=\"swiper-slide-image\" src=\"https:\/\/hoverlinkontario.com\/wp-content\/uploads\/2022\/10\/02-niagara-street-night-1.jpg\" alt=\"02-niagara-street-night-1\" \/><\/figure><\/div><div class=\"swiper-slide\" role=\"group\" aria-roledescription=\"slide\" aria-label=\"3 of 5\"><figure class=\"swiper-slide-inner\"><img decoding=\"async\" class=\"swiper-slide-image\" src=\"https:\/\/hoverlinkontario.com\/wp-content\/uploads\/2022\/10\/niagara-skyline-zipline-tourists.jpg\" alt=\"niagara-skyline-zipline-tourists\" \/><\/figure><\/div><div class=\"swiper-slide\" role=\"group\" aria-roledescription=\"slide\" aria-label=\"4 of 5\"><figure class=\"swiper-slide-inner\"><img decoding=\"async\" class=\"swiper-slide-image\" src=\"https:\/\/hoverlinkontario.com\/wp-content\/uploads\/2022\/10\/looking-up-gooderham-building-toronto-downtown.jpg\" alt=\"looking-up-gooderham-building-toronto-downtown\" \/><\/figure><\/div><div class=\"swiper-slide\" role=\"group\" aria-roledescription=\"slide\" aria-label=\"5 of 5\"><figure class=\"swiper-slide-inner\"><img decoding=\"async\" class=\"swiper-slide-image\" src=\"https:\/\/hoverlinkontario.com\/wp-content\/uploads\/2022\/10\/niagara-falls-from-above.jpg\" alt=\"niagara-falls-from-above\" \/><\/figure><\/div>\t\t\t<\/div>\n\t\t\t\t\t\t\t\n\t\t\t\t\t\t\t\t\t<div class=\"swiper-pagination\"><\/div>\n\t\t\t\t\t\t\t\t\t<\/div>\n\t\t\t\t<\/div>\n\t\t\t\t<\/div>\n\t\t\t\t\t<\/div>\n\t\t<\/div>\n\t\t\t\t\t<\/div>\n\t\t<\/section>\n\t\t\t\t<\/div>","protected":false},"excerpt":{"rendered":"<p>Get on board Stay connected and sign up to stay on top of all our news.<\/p>","protected":false},"author":1,"featured_media":0,"parent":0,"menu_order":0,"comment_status":"closed","ping_status":"closed","template":"page-fullwidth.php","meta":{"inline_featured_image":false,"footnotes":""},"class_list":["post-8914","page","type-page","status-publish","hentry"],"yoast_head":"<!-- This site is optimized with the Yoast SEO plugin v23.3 - https:\/\/yoast.com\/wordpress\/plugins\/seo\/ -->\n<title>Hoverlink Ontario Incorporated | Stay Connected<\/title>\n<meta name=\"description\" content=\"Stay connected and sign up to stay on top of all our news.\" \/>\n<meta name=\"robots\" content=\"index, follow, max-snippet:-1, max-image-preview:large, max-video-preview:-1\" \/>\n<link rel=\"canonical\" href=\"https:\/\/hoverlinkontario.com\/fr\/stay-connected\/\" \/>\n<meta property=\"og:locale\" content=\"fr_CA\" \/>\n<meta property=\"og:type\" content=\"article\" \/>\n<meta property=\"og:title\" content=\"Hoverlink Ontario Incorporated | Stay Connected\" \/>\n<meta property=\"og:description\" content=\"Stay connected and sign up to stay on top of all our news.\" \/>\n<meta property=\"og:url\" content=\"https:\/\/hoverlinkontario.com\/fr\/stay-connected\/\" \/>\n<meta property=\"og:site_name\" content=\"Hoverlink Ontario Incorporated\" \/>\n<meta property=\"article:modified_time\" content=\"2022-10-04T20:59:51+00:00\" \/>\n<meta property=\"og:image\" content=\"https:\/\/hoverlinkontario.com\/wp-content\/uploads\/2022\/10\/toronto-golden-horseshoe-ontario-place.jpg\" \/>\n<meta name=\"twitter:card\" content=\"summary_large_image\" \/>\n<meta name=\"twitter:label1\" content=\"Est. reading time\" \/>\n\t<meta name=\"twitter:data1\" content=\"2 minutes\" \/>\n<script type=\"application\/ld+json\" class=\"yoast-schema-graph\">{\"@context\":\"https:\/\/schema.org\",\"@graph\":[{\"@type\":\"WebPage\",\"@id\":\"https:\/\/hoverlinkontario.com\/stay-connected\/\",\"url\":\"https:\/\/hoverlinkontario.com\/stay-connected\/\",\"name\":\"Hoverlink Ontario Incorporated | Stay Connected\",\"isPartOf\":{\"@id\":\"https:\/\/hoverlinkontario.com\/#website\"},\"primaryImageOfPage\":{\"@id\":\"https:\/\/hoverlinkontario.com\/stay-connected\/#primaryimage\"},\"image\":{\"@id\":\"https:\/\/hoverlinkontario.com\/stay-connected\/#primaryimage\"},\"thumbnailUrl\":\"https:\/\/hoverlinkontario.com\/wp-content\/uploads\/2022\/10\/toronto-golden-horseshoe-ontario-place.jpg\",\"datePublished\":\"2022-09-06T16:58:28+00:00\",\"dateModified\":\"2022-10-04T20:59:51+00:00\",\"description\":\"Stay connected and sign up to stay on top of all our news.\",\"breadcrumb\":{\"@id\":\"https:\/\/hoverlinkontario.com\/stay-connected\/#breadcrumb\"},\"inLanguage\":\"fr-CA\",\"potentialAction\":[{\"@type\":\"ReadAction\",\"target\":[\"https:\/\/hoverlinkontario.com\/stay-connected\/\"]}]},{\"@type\":\"ImageObject\",\"inLanguage\":\"fr-CA\",\"@id\":\"https:\/\/hoverlinkontario.com\/stay-connected\/#primaryimage\",\"url\":\"https:\/\/hoverlinkontario.com\/wp-content\/uploads\/2022\/10\/toronto-golden-horseshoe-ontario-place.jpg\",\"contentUrl\":\"https:\/\/hoverlinkontario.com\/wp-content\/uploads\/2022\/10\/toronto-golden-horseshoe-ontario-place.jpg\"},{\"@type\":\"BreadcrumbList\",\"@id\":\"https:\/\/hoverlinkontario.com\/stay-connected\/#breadcrumb\",\"itemListElement\":[{\"@type\":\"ListItem\",\"position\":1,\"name\":\"Home\",\"item\":\"https:\/\/hoverlinkontario.com\/\"},{\"@type\":\"ListItem\",\"position\":2,\"name\":\"Newsletter\"}]},{\"@type\":\"WebSite\",\"@id\":\"https:\/\/hoverlinkontario.com\/#website\",\"url\":\"https:\/\/hoverlinkontario.com\/\",\"name\":\"Hoverlink Ontario Incorporated\",\"description\":\"Transit in the Golden Horseshoe is set to get a lift.\",\"potentialAction\":[{\"@type\":\"SearchAction\",\"target\":{\"@type\":\"EntryPoint\",\"urlTemplate\":\"https:\/\/hoverlinkontario.com\/?s={search_term_string}\"},\"query-input\":\"required name=search_term_string\"}],\"inLanguage\":\"fr-CA\"}]}<\/script>\n<!-- \/ Yoast SEO plugin. -->","yoast_head_json":{"title":"Hoverlink Ontario Incorporated | Stay Connected","description":"Stay connected and sign up to stay on top of all our news.","robots":{"index":"index","follow":"follow","max-snippet":"max-snippet:-1","max-image-preview":"max-image-preview:large","max-video-preview":"max-video-preview:-1"},"canonical":"https:\/\/hoverlinkontario.com\/fr\/stay-connected\/","og_locale":"fr_CA","og_type":"article","og_title":"Hoverlink Ontario Incorporated | Stay Connected","og_description":"Stay connected and sign up to stay on top of all our news.","og_url":"https:\/\/hoverlinkontario.com\/fr\/stay-connected\/","og_site_name":"Hoverlink Ontario Incorporated","article_modified_time":"2022-10-04T20:59:51+00:00","og_image":[{"url":"https:\/\/hoverlinkontario.com\/wp-content\/uploads\/2022\/10\/toronto-golden-horseshoe-ontario-place.jpg"}],"twitter_card":"summary_large_image","twitter_misc":{"Est. reading time":"2 minutes"},"schema":{"@context":"https:\/\/schema.org","@graph":[{"@type":"WebPage","@id":"https:\/\/hoverlinkontario.com\/stay-connected\/","url":"https:\/\/hoverlinkontario.com\/stay-connected\/","name":"Hoverlink Ontario Incorporated | Stay Connected","isPartOf":{"@id":"https:\/\/hoverlinkontario.com\/#website"},"primaryImageOfPage":{"@id":"https:\/\/hoverlinkontario.com\/stay-connected\/#primaryimage"},"image":{"@id":"https:\/\/hoverlinkontario.com\/stay-connected\/#primaryimage"},"thumbnailUrl":"https:\/\/hoverlinkontario.com\/wp-content\/uploads\/2022\/10\/toronto-golden-horseshoe-ontario-place.jpg","datePublished":"2022-09-06T16:58:28+00:00","dateModified":"2022-10-04T20:59:51+00:00","description":"Stay connected and sign up to stay on top of all our news.","breadcrumb":{"@id":"https:\/\/hoverlinkontario.com\/stay-connected\/#breadcrumb"},"inLanguage":"fr-CA","potentialAction":[{"@type":"ReadAction","target":["https:\/\/hoverlinkontario.com\/stay-connected\/"]}]},{"@type":"ImageObject","inLanguage":"fr-CA","@id":"https:\/\/hoverlinkontario.com\/stay-connected\/#primaryimage","url":"https:\/\/hoverlinkontario.com\/wp-content\/uploads\/2022\/10\/toronto-golden-horseshoe-ontario-place.jpg","contentUrl":"https:\/\/hoverlinkontario.com\/wp-content\/uploads\/2022\/10\/toronto-golden-horseshoe-ontario-place.jpg"},{"@type":"BreadcrumbList","@id":"https:\/\/hoverlinkontario.com\/stay-connected\/#breadcrumb","itemListElement":[{"@type":"ListItem","position":1,"name":"Home","item":"https:\/\/hoverlinkontario.com\/"},{"@type":"ListItem","position":2,"name":"Newsletter"}]},{"@type":"WebSite","@id":"https:\/\/hoverlinkontario.com\/#website","url":"https:\/\/hoverlinkontario.com\/","name":"Hoverlink Ontario Incorporated","description":"Transit in the Golden Horseshoe is set to get a lift.","potentialAction":[{"@type":"SearchAction","target":{"@type":"EntryPoint","urlTemplate":"https:\/\/hoverlinkontario.com\/?s={search_term_string}"},"query-input":"required name=search_term_string"}],"inLanguage":"fr-CA"}]}},"_links":{"self":[{"href":"https:\/\/hoverlinkontario.com\/fr\/wp-json\/wp\/v2\/pages\/8914"}],"collection":[{"href":"https:\/\/hoverlinkontario.com\/fr\/wp-json\/wp\/v2\/pages"}],"about":[{"href":"https:\/\/hoverlinkontario.com\/fr\/wp-json\/wp\/v2\/types\/page"}],"author":[{"embeddable":true,"href":"https:\/\/hoverlinkontario.com\/fr\/wp-json\/wp\/v2\/users\/1"}],"replies":[{"embeddable":true,"href":"https:\/\/hoverlinkontario.com\/fr\/wp-json\/wp\/v2\/comments?post=8914"}],"version-history":[{"count":71,"href":"https:\/\/hoverlinkontario.com\/fr\/wp-json\/wp\/v2\/pages\/8914\/revisions"}],"predecessor-version":[{"id":10706,"href":"https:\/\/hoverlinkontario.com\/fr\/wp-json\/wp\/v2\/pages\/8914\/revisions\/10706"}],"wp:attachment":[{"href":"https:\/\/hoverlinkontario.com\/fr\/wp-json\/wp\/v2\/media?parent=8914"}],"curies":[{"name":"wp","href":"https:\/\/api.w.org\/{rel}","templated":true}]}}