
{"id":7327,"date":"2022-08-26T14:28:02","date_gmt":"2022-08-26T14:28:02","guid":{"rendered":"https:\/\/ridehalo.oswaldo.ssdev.ca\/?page_id=7327"},"modified":"2022-11-18T18:49:29","modified_gmt":"2022-11-18T18:49:29","slug":"about-hovercraft","status":"publish","type":"page","link":"https:\/\/hoverlinkontario.com\/fr\/about-hovercraft\/","title":{"rendered":"Nos a\u00e9roglisseurs"},"content":{"rendered":"<div data-elementor-type=\"wp-page\" data-elementor-id=\"7327\" class=\"elementor elementor-7327\" data-elementor-post-type=\"page\">\n\t\t\t\t\t\t<section class=\"elementor-section elementor-top-section elementor-element elementor-element-1e203fca section-aboutus elementor-section-full_width elementor-section-height-default elementor-section-height-default\" data-id=\"1e203fca\" data-element_type=\"section\">\n\t\t\t\t\t\t<div class=\"elementor-container elementor-column-gap-no\">\n\t\t\t\t\t<div class=\"elementor-column elementor-col-50 elementor-top-column elementor-element elementor-element-3bc0d9fc right\" data-id=\"3bc0d9fc\" data-element_type=\"column\">\n\t\t\t<div class=\"elementor-widget-wrap elementor-element-populated\">\n\t\t\t\t\t\t<div class=\"elementor-element elementor-element-3b561270 elementor-widget elementor-widget-tfl-heading\" data-id=\"3b561270\" data-element_type=\"widget\" data-widget_type=\"tfl-heading.default\">\n\t\t\t\t<div class=\"elementor-widget-container\">\n\t\t\t\n<div class=\"tfl-heading tfl-style1 tfl-alignleft\">\n\n    \n    <h2 class=\"tfl-title\">Ce n\u2019est pas un bateau ni un avion, c\u2019est encore mieux!<\/h2>\n\n<\/div><!-- .tfl-heading -->\t\t<\/div>\n\t\t\t\t<\/div>\n\t\t\t\t<div class=\"elementor-element elementor-element-6302a512 elementor-widget elementor-widget-text-editor\" data-id=\"6302a512\" data-element_type=\"widget\" data-widget_type=\"text-editor.default\">\n\t\t\t\t<div class=\"elementor-widget-container\">\n\t\t\t\t\t\t\t<h4><span style=\"font-weight: normal;\">Nos a\u00e9roglisseurs vont r\u00e9volutionner la fa\u00e7on de voyager en Ontario<\/span><\/h4>\n<p>Un a\u00e9roglisseur, \u00e7a peut sembler futuriste, mais ils sont utilis\u00e9s \u00e0 travers le monde depuis plus de 50 ans. Hoverlink est le premier syst\u00e8me de transport en commun rapide du genre en Am\u00e9rique du Nord.<\/p>\n<h4><span style=\"font-weight: normal;\">Les a\u00e9roglisseurs peuvent facilement voyager sur la terre, l\u2019eau et la glace<\/span><\/h4>\n<p>L\u2019a\u00e9roglisseur \u00ab\u2009glisse\u2009\u00bb, donc il peut survoler presque toutes les surfaces. Il se d\u00e9place gr\u00e2ce \u00e0 des h\u00e9lices de pouss\u00e9e et des ventilateurs de sustentation qui cr\u00e9ent un coussin d\u2019air pouss\u00e9 vers le sol \u00e0 l\u2019aide de jupes tout autour de l\u2019appareil.<\/p>\n<h4><span style=\"font-weight: normal;\">Notre conception les rend plus silencieux qu\u2019un lave-vaisselle<\/span><\/h4>\n<p>Ce ne sont pas tous les a\u00e9roglisseurs qui sont silencieux, mais les n\u00f4tres le sont. Notre conception innovante leur permet d\u2019avoir un niveau sonore inf\u00e9rieur \u00e0 celui d\u2019un train de banlieue qui entre en gare et similaire \u00e0 celui d\u2019une conversation \u00e0 l\u2019int\u00e9rieur du train.<\/p>\t\t\t\t\t\t<\/div>\n\t\t\t\t<\/div>\n\t\t\t\t\t<\/div>\n\t\t<\/div>\n\t\t\t\t<div class=\"elementor-column elementor-col-50 elementor-top-column elementor-element elementor-element-7df81462\" data-id=\"7df81462\" data-element_type=\"column\">\n\t\t\t<div class=\"elementor-widget-wrap elementor-element-populated\">\n\t\t\t\t\t\t<div class=\"elementor-element elementor-element-7c304af9 elementor-widget__width-inherit elementor-widget elementor-widget-image\" data-id=\"7c304af9\" data-element_type=\"widget\" data-widget_type=\"image.default\">\n\t\t\t\t<div class=\"elementor-widget-container\">\n\t\t\t\t\t\t\t\t\t\t\t\t\t<img fetchpriority=\"high\" decoding=\"async\" width=\"1001\" height=\"668\" src=\"https:\/\/hoverlinkontario.com\/wp-content\/uploads\/2022\/09\/Group-8021.png\" class=\"attachment-full size-full wp-image-9500\" alt=\"\" srcset=\"https:\/\/hoverlinkontario.com\/wp-content\/uploads\/2022\/09\/Group-8021.png 916w, https:\/\/hoverlinkontario.com\/wp-content\/uploads\/2022\/09\/Group-8021-300x188.png 300w, https:\/\/hoverlinkontario.com\/wp-content\/uploads\/2022\/09\/Group-8021-768x481.png 768w, https:\/\/hoverlinkontario.com\/wp-content\/uploads\/2022\/09\/Group-8021-18x12.png 18w, https:\/\/hoverlinkontario.com\/wp-content\/uploads\/2022\/09\/Group-8021-600x376.png 600w\" sizes=\"(max-width: 1001px) 100vw, 1001px\" \/>\t\t\t\t\t\t\t\t\t\t\t\t\t<\/div>\n\t\t\t\t<\/div>\n\t\t\t\t\t<\/div>\n\t\t<\/div>\n\t\t\t\t\t<\/div>\n\t\t<\/section>\n\t\t\t\t<section class=\"elementor-section elementor-top-section elementor-element elementor-element-4e20d367 section-aboutus elementor-section-full_width elementor-section-height-default elementor-section-height-default\" data-id=\"4e20d367\" data-element_type=\"section\">\n\t\t\t\t\t\t<div class=\"elementor-container elementor-column-gap-no\">\n\t\t\t\t\t<div class=\"elementor-column elementor-col-50 elementor-top-column elementor-element elementor-element-7a2246ef left\" data-id=\"7a2246ef\" data-element_type=\"column\">\n\t\t\t<div class=\"elementor-widget-wrap elementor-element-populated\">\n\t\t\t\t\t\t<div class=\"elementor-element elementor-element-f3d92a7 bullet-slider-right elementor-pagination-position-outside elementor-widget elementor-widget-image-carousel\" data-id=\"f3d92a7\" data-element_type=\"widget\" data-settings=\"{&quot;slides_to_show&quot;:&quot;1&quot;,&quot;navigation&quot;:&quot;dots&quot;,&quot;autoplay&quot;:&quot;yes&quot;,&quot;pause_on_hover&quot;:&quot;yes&quot;,&quot;pause_on_interaction&quot;:&quot;yes&quot;,&quot;autoplay_speed&quot;:5000,&quot;infinite&quot;:&quot;yes&quot;,&quot;effect&quot;:&quot;slide&quot;,&quot;speed&quot;:500}\" data-widget_type=\"image-carousel.default\">\n\t\t\t\t<div class=\"elementor-widget-container\">\n\t\t\t\t\t<div class=\"elementor-image-carousel-wrapper swiper\" dir=\"ltr\">\n\t\t\t<div class=\"elementor-image-carousel swiper-wrapper\" aria-live=\"off\">\n\t\t\t\t\t\t\t\t<div class=\"swiper-slide\" role=\"group\" aria-roledescription=\"slide\" aria-label=\"1 of 2\"><figure class=\"swiper-slide-inner\"><img decoding=\"async\" class=\"swiper-slide-image\" src=\"https:\/\/hoverlinkontario.com\/wp-content\/uploads\/2022\/08\/banner-about-hovercrafts-01a.png\" alt=\"banner-about-hovercrafts-01a\" \/><\/figure><\/div><div class=\"swiper-slide\" role=\"group\" aria-roledescription=\"slide\" aria-label=\"2 of 2\"><figure class=\"swiper-slide-inner\"><img decoding=\"async\" class=\"swiper-slide-image\" src=\"https:\/\/hoverlinkontario.com\/wp-content\/uploads\/2022\/09\/banner-about-hovercrafts-01a.png\" alt=\"banner-about-hovercrafts-01a\" \/><\/figure><\/div>\t\t\t<\/div>\n\t\t\t\t\t\t\t\n\t\t\t\t\t\t\t\t\t<div class=\"swiper-pagination\"><\/div>\n\t\t\t\t\t\t\t\t\t<\/div>\n\t\t\t\t<\/div>\n\t\t\t\t<\/div>\n\t\t\t\t\t<\/div>\n\t\t<\/div>\n\t\t\t\t<div class=\"elementor-column elementor-col-50 elementor-top-column elementor-element elementor-element-1fba4a34 right\" data-id=\"1fba4a34\" data-element_type=\"column\">\n\t\t\t<div class=\"elementor-widget-wrap elementor-element-populated\">\n\t\t\t\t\t\t<div class=\"elementor-element elementor-element-6a75cf6a elementor-widget elementor-widget-text-editor\" data-id=\"6a75cf6a\" data-element_type=\"widget\" data-widget_type=\"text-editor.default\">\n\t\t\t\t<div class=\"elementor-widget-container\">\n\t\t\t\t\t\t\t<h4><span style=\"font-weight: normal;\">L\u2019impression de \u00ab\u2009flotter\u2009\u00bb<\/span><\/h4><p>L\u2019Hoverlink glisse sur un coussin d\u2019air, ce qui rend le voyage extr\u00eamement confortable et plus doux que sur un bateau traditionnel, puisqu\u2019il est beaucoup moins touch\u00e9 par les vagues ou les intemp\u00e9ries. Chacun de nos a\u00e9roglisseurs peut transporter jusqu\u2019\u00e0 180 passagers dans une cabine climatis\u00e9e avec des si\u00e8ges confortables.<\/p><h4><span style=\"font-weight: normal;\">Op\u00e9rationnel, peu importe la m\u00e9t\u00e9o (m\u00eame au Canada!)<\/span><\/h4><p class=\" translation-block\">Nos a\u00e9roglisseurs sont con\u00e7us pour faire face \u00e0 toutes les intemp\u00e9ries<sup>\u2020<\/sup>, y compris les hautes vagues du lac Ontario. Croyez-le ou non, ils se d\u00e9placent encore plus facilement sur la glace que sur l\u2019eau! Ils peuvent op\u00e9rer jusqu\u2019\u00e0 - 60 \u00b0C en plus du refroidissement \u00e9olien et jusqu\u2019\u00e0 35 \u00b0C avec une humidit\u00e9 de 40 % \u00e0 80 %.<\/p><h4><span style=\"font-weight: normal;\">Ils sont puissants et durables<\/span><\/h4><p>Nos a\u00e9roglisseurs sont propuls\u00e9s par des moteurs Rolls Royce MTU de phase 3 \u00e0 tr\u00e8s faibles \u00e9missions et soutenus par un FED (syst\u00e8me de fluide d\u2019\u00e9chappement di\u00e9sel), r\u00e9duisant ainsi 98 % des toxines en suspension dans l\u2019air.<\/p><h4><span style=\"font-weight: normal;\">Un design qui prot\u00e8ge nos pr\u00e9cieux rivages<\/span><\/h4><p>\u00c9tant donn\u00e9 qu\u2019ils flottent sur un coussin d\u2019air au-dessus de l\u2019eau, les a\u00e9roglisseurs Hoverlink ne cr\u00e9ent pratiquement aucun sillage ou remous, contrairement aux plus gros bateaux traditionnels, qui peuvent \u00e9roder les rivages. Leur fonctionnement silencieux permet d\u2019\u00e9viter les r\u00e9percussions sur la vie marine.<\/p><p style=\"color: #bcbcbc; font-size: 10px;\"><sup>\u2020<\/sup>Sauf les tornades<\/p>\t\t\t\t\t\t<\/div>\n\t\t\t\t<\/div>\n\t\t\t\t\t<\/div>\n\t\t<\/div>\n\t\t\t\t\t<\/div>\n\t\t<\/section>\n\t\t\t\t<section class=\"elementor-section elementor-top-section elementor-element elementor-element-df9b08d section-aboutus elementor-section-full_width elementor-section-height-default elementor-section-height-default\" data-id=\"df9b08d\" data-element_type=\"section\">\n\t\t\t\t\t\t<div class=\"elementor-container elementor-column-gap-no\">\n\t\t\t\t\t<div class=\"elementor-column elementor-col-50 elementor-top-column elementor-element elementor-element-7825cd7 left\" data-id=\"7825cd7\" data-element_type=\"column\">\n\t\t\t<div class=\"elementor-widget-wrap elementor-element-populated\">\n\t\t\t\t\t\t<div class=\"elementor-element elementor-element-21a9cf2 elementor-widget elementor-widget-heading\" data-id=\"21a9cf2\" data-element_type=\"widget\" data-widget_type=\"heading.default\">\n\t\t\t\t<div class=\"elementor-widget-container\">\n\t\t\t<h3 class=\"elementor-heading-title elementor-size-default\">Nous travaillons avec la meilleure \u00e9quipe au monde dans le domaine des a\u00e9roglisseurs\n<\/h3>\t\t<\/div>\n\t\t\t\t<\/div>\n\t\t\t\t<div class=\"elementor-element elementor-element-e143a75 elementor-widget elementor-widget-text-editor\" data-id=\"e143a75\" data-element_type=\"widget\" data-widget_type=\"text-editor.default\">\n\t\t\t\t<div class=\"elementor-widget-container\">\n\t\t\t\t\t\t\t<p>En tant que chef de file mondial dans le domaine des a\u00e9roglisseurs, le groupe Griffon Hoverwork a con\u00e7u et construit des a\u00e9roglisseurs dans plus de 41 pays \u00e0 travers le monde. Les a\u00e9roglisseurs Griffon sont utilis\u00e9s par l\u2019arm\u00e9e am\u00e9ricaine, les Royal Marines et les gardes c\u00f4ti\u00e8res canadienne et am\u00e9ricaine.<\/p>\t\t\t\t\t\t<\/div>\n\t\t\t\t<\/div>\n\t\t\t\t<div class=\"elementor-element elementor-element-a0b18fd elementor-widget elementor-widget-image\" data-id=\"a0b18fd\" data-element_type=\"widget\" data-widget_type=\"image.default\">\n\t\t\t\t<div class=\"elementor-widget-container\">\n\t\t\t\t\t\t\t\t\t\t\t\t\t<img decoding=\"async\" width=\"172\" height=\"157\" src=\"https:\/\/hoverlinkontario.com\/wp-content\/uploads\/2022\/08\/griffon-hoverwork-stamp-Blue.png\" class=\"attachment-large size-large wp-image-7804\" alt=\"\" \/>\t\t\t\t\t\t\t\t\t\t\t\t\t<\/div>\n\t\t\t\t<\/div>\n\t\t\t\t\t<\/div>\n\t\t<\/div>\n\t\t\t\t<div class=\"elementor-column elementor-col-50 elementor-top-column elementor-element elementor-element-64d7582 right\" data-id=\"64d7582\" data-element_type=\"column\">\n\t\t\t<div class=\"elementor-widget-wrap elementor-element-populated\">\n\t\t\t\t\t\t<div class=\"elementor-element elementor-element-ea9ac84 elementor-widget elementor-widget-html\" data-id=\"ea9ac84\" data-element_type=\"widget\" data-widget_type=\"html.default\">\n\t\t\t\t<div class=\"elementor-widget-container\">\n\t\t\t<style>\r\n    .home-video .vimeo-container-desktop{\r\n        display: none;\r\n    }\r\n    \r\n    @media screen and (min-width:767px){\r\n       .home-video .vimeo-container-desktop{\r\n            display: block;\r\n        }\r\n        .home-video .vimeo-container-mobile{\r\n            display: none;\r\n        }\r\n    }\r\n    .embed-container {\r\n        position: relative;\r\n        padding-bottom: 56.25%;\r\n        height: 0;\r\n        overflow: hidden;\r\n        max-width: 100%;\r\n    }\r\n    \r\n    .embed-container embed, .embed-container iframe, .embed-container object{\r\n        position: absolute;\r\n        top: 0;\r\n        left: 0;\r\n        width: 100%;\r\n        height: 100%;\r\n    }\r\n<\/style>\r\n<div class=\"home-video\">\r\n    <div class=\"vimeo-container-desktop embed-container\">\r\n\t\t<iframe src=\"https:\/\/player.vimeo.com\/video\/749411935?h=eebd1a6a37\" width=\"640\" height=\"360\" frameborder=\"0\" allow=\"autoplay; fullscreen; picture-in-picture\" allowfullscreen><\/iframe>\r\n    <\/div>\r\n    <div class=\"vimeo-container-mobile embed-container\">\r\n        <iframe src=\"https:\/\/player.vimeo.com\/video\/749411935?h=eebd1a6a37\" width=\"640\" height=\"360\" frameborder=\"0\" allow=\"autoplay; fullscreen; picture-in-picture\" allowfullscreen><\/iframe>\r\n    <\/div>\r\n<\/div>\r\n\r\n                        \t\t\t\t\t\t\t<\/div>\n\t\t\t\t<\/div>\n\t\t\t\t\t<\/div>\n\t\t<\/div>\n\t\t\t\t\t<\/div>\n\t\t<\/section>\n\t\t\t\t<\/div>","protected":false},"excerpt":{"rendered":"<p>Not a boat. Not a plane. And pretty darn cool Our hovercrafts will transform how Ontario travels Hovercrafts may sound futuristic, but they have been in use around the world for over 50 years. Hoverlink is the first rapid transit system of its kind [&hellip;]<\/p>","protected":false},"author":1,"featured_media":0,"parent":0,"menu_order":0,"comment_status":"closed","ping_status":"closed","template":"elementor_header_footer","meta":{"inline_featured_image":false,"footnotes":""},"class_list":["post-7327","page","type-page","status-publish","hentry"],"yoast_head":"<!-- This site is optimized with the Yoast SEO plugin v23.3 - https:\/\/yoast.com\/wordpress\/plugins\/seo\/ -->\n<title>Hoverlink Ontario Incorporated | About Hovercrafts<\/title>\n<meta name=\"description\" content=\"Hovercrafts have the ability to hover over almost any surface easily, traveling on land, water and ice.\" \/>\n<meta name=\"robots\" content=\"index, follow, max-snippet:-1, max-image-preview:large, max-video-preview:-1\" \/>\n<link rel=\"canonical\" href=\"https:\/\/hoverlinkontario.com\/fr\/about-hovercraft\/\" \/>\n<meta property=\"og:locale\" content=\"fr_CA\" \/>\n<meta property=\"og:type\" content=\"article\" \/>\n<meta property=\"og:title\" content=\"Hoverlink Ontario Incorporated | About Hovercrafts\" \/>\n<meta property=\"og:description\" content=\"Hovercrafts have the ability to hover over almost any surface easily, traveling on land, water and ice.\" \/>\n<meta property=\"og:url\" content=\"https:\/\/hoverlinkontario.com\/fr\/about-hovercraft\/\" \/>\n<meta property=\"og:site_name\" content=\"Hoverlink Ontario Incorporated\" \/>\n<meta property=\"article:modified_time\" content=\"2022-11-18T18:49:29+00:00\" \/>\n<meta property=\"og:image\" content=\"https:\/\/hoverlinkontario.com\/wp-content\/uploads\/2022\/09\/Grupo-7879.png\" \/>\n<meta name=\"twitter:card\" content=\"summary_large_image\" \/>\n<meta name=\"twitter:label1\" content=\"Est. reading time\" \/>\n\t<meta name=\"twitter:data1\" content=\"3 minutes\" \/>\n<script type=\"application\/ld+json\" class=\"yoast-schema-graph\">{\"@context\":\"https:\/\/schema.org\",\"@graph\":[{\"@type\":\"WebPage\",\"@id\":\"https:\/\/hoverlinkontario.com\/about-hovercraft\/\",\"url\":\"https:\/\/hoverlinkontario.com\/about-hovercraft\/\",\"name\":\"Hoverlink Ontario Incorporated | About Hovercrafts\",\"isPartOf\":{\"@id\":\"https:\/\/hoverlinkontario.com\/#website\"},\"primaryImageOfPage\":{\"@id\":\"https:\/\/hoverlinkontario.com\/about-hovercraft\/#primaryimage\"},\"image\":{\"@id\":\"https:\/\/hoverlinkontario.com\/about-hovercraft\/#primaryimage\"},\"thumbnailUrl\":\"https:\/\/hoverlinkontario.com\/wp-content\/uploads\/2022\/09\/Grupo-7879.png\",\"datePublished\":\"2022-08-26T14:28:02+00:00\",\"dateModified\":\"2022-11-18T18:49:29+00:00\",\"description\":\"Hovercrafts have the ability to hover over almost any surface easily, traveling on land, water and ice.\",\"breadcrumb\":{\"@id\":\"https:\/\/hoverlinkontario.com\/about-hovercraft\/#breadcrumb\"},\"inLanguage\":\"fr-CA\",\"potentialAction\":[{\"@type\":\"ReadAction\",\"target\":[\"https:\/\/hoverlinkontario.com\/about-hovercraft\/\"]}]},{\"@type\":\"ImageObject\",\"inLanguage\":\"fr-CA\",\"@id\":\"https:\/\/hoverlinkontario.com\/about-hovercraft\/#primaryimage\",\"url\":\"https:\/\/hoverlinkontario.com\/wp-content\/uploads\/2022\/09\/Grupo-7879.png\",\"contentUrl\":\"https:\/\/hoverlinkontario.com\/wp-content\/uploads\/2022\/09\/Grupo-7879.png\"},{\"@type\":\"BreadcrumbList\",\"@id\":\"https:\/\/hoverlinkontario.com\/about-hovercraft\/#breadcrumb\",\"itemListElement\":[{\"@type\":\"ListItem\",\"position\":1,\"name\":\"Home\",\"item\":\"https:\/\/hoverlinkontario.com\/\"},{\"@type\":\"ListItem\",\"position\":2,\"name\":\"About Hovercraft\"}]},{\"@type\":\"WebSite\",\"@id\":\"https:\/\/hoverlinkontario.com\/#website\",\"url\":\"https:\/\/hoverlinkontario.com\/\",\"name\":\"Hoverlink Ontario Incorporated\",\"description\":\"Transit in the Golden Horseshoe is set to get a lift.\",\"potentialAction\":[{\"@type\":\"SearchAction\",\"target\":{\"@type\":\"EntryPoint\",\"urlTemplate\":\"https:\/\/hoverlinkontario.com\/?s={search_term_string}\"},\"query-input\":\"required name=search_term_string\"}],\"inLanguage\":\"fr-CA\"}]}<\/script>\n<!-- \/ Yoast SEO plugin. -->","yoast_head_json":{"title":"Hoverlink Ontario Incorporated | About Hovercrafts","description":"Hovercrafts have the ability to hover over almost any surface easily, traveling on land, water and ice.","robots":{"index":"index","follow":"follow","max-snippet":"max-snippet:-1","max-image-preview":"max-image-preview:large","max-video-preview":"max-video-preview:-1"},"canonical":"https:\/\/hoverlinkontario.com\/fr\/about-hovercraft\/","og_locale":"fr_CA","og_type":"article","og_title":"Hoverlink Ontario Incorporated | About Hovercrafts","og_description":"Hovercrafts have the ability to hover over almost any surface easily, traveling on land, water and ice.","og_url":"https:\/\/hoverlinkontario.com\/fr\/about-hovercraft\/","og_site_name":"Hoverlink Ontario Incorporated","article_modified_time":"2022-11-18T18:49:29+00:00","og_image":[{"url":"https:\/\/hoverlinkontario.com\/wp-content\/uploads\/2022\/09\/Grupo-7879.png"}],"twitter_card":"summary_large_image","twitter_misc":{"Est. reading time":"3 minutes"},"schema":{"@context":"https:\/\/schema.org","@graph":[{"@type":"WebPage","@id":"https:\/\/hoverlinkontario.com\/about-hovercraft\/","url":"https:\/\/hoverlinkontario.com\/about-hovercraft\/","name":"Hoverlink Ontario Incorporated | About Hovercrafts","isPartOf":{"@id":"https:\/\/hoverlinkontario.com\/#website"},"primaryImageOfPage":{"@id":"https:\/\/hoverlinkontario.com\/about-hovercraft\/#primaryimage"},"image":{"@id":"https:\/\/hoverlinkontario.com\/about-hovercraft\/#primaryimage"},"thumbnailUrl":"https:\/\/hoverlinkontario.com\/wp-content\/uploads\/2022\/09\/Grupo-7879.png","datePublished":"2022-08-26T14:28:02+00:00","dateModified":"2022-11-18T18:49:29+00:00","description":"Hovercrafts have the ability to hover over almost any surface easily, traveling on land, water and ice.","breadcrumb":{"@id":"https:\/\/hoverlinkontario.com\/about-hovercraft\/#breadcrumb"},"inLanguage":"fr-CA","potentialAction":[{"@type":"ReadAction","target":["https:\/\/hoverlinkontario.com\/about-hovercraft\/"]}]},{"@type":"ImageObject","inLanguage":"fr-CA","@id":"https:\/\/hoverlinkontario.com\/about-hovercraft\/#primaryimage","url":"https:\/\/hoverlinkontario.com\/wp-content\/uploads\/2022\/09\/Grupo-7879.png","contentUrl":"https:\/\/hoverlinkontario.com\/wp-content\/uploads\/2022\/09\/Grupo-7879.png"},{"@type":"BreadcrumbList","@id":"https:\/\/hoverlinkontario.com\/about-hovercraft\/#breadcrumb","itemListElement":[{"@type":"ListItem","position":1,"name":"Home","item":"https:\/\/hoverlinkontario.com\/"},{"@type":"ListItem","position":2,"name":"About Hovercraft"}]},{"@type":"WebSite","@id":"https:\/\/hoverlinkontario.com\/#website","url":"https:\/\/hoverlinkontario.com\/","name":"Hoverlink Ontario Incorporated","description":"Transit in the Golden Horseshoe is set to get a lift.","potentialAction":[{"@type":"SearchAction","target":{"@type":"EntryPoint","urlTemplate":"https:\/\/hoverlinkontario.com\/?s={search_term_string}"},"query-input":"required name=search_term_string"}],"inLanguage":"fr-CA"}]}},"_links":{"self":[{"href":"https:\/\/hoverlinkontario.com\/fr\/wp-json\/wp\/v2\/pages\/7327"}],"collection":[{"href":"https:\/\/hoverlinkontario.com\/fr\/wp-json\/wp\/v2\/pages"}],"about":[{"href":"https:\/\/hoverlinkontario.com\/fr\/wp-json\/wp\/v2\/types\/page"}],"author":[{"embeddable":true,"href":"https:\/\/hoverlinkontario.com\/fr\/wp-json\/wp\/v2\/users\/1"}],"replies":[{"embeddable":true,"href":"https:\/\/hoverlinkontario.com\/fr\/wp-json\/wp\/v2\/comments?post=7327"}],"version-history":[{"count":186,"href":"https:\/\/hoverlinkontario.com\/fr\/wp-json\/wp\/v2\/pages\/7327\/revisions"}],"predecessor-version":[{"id":11397,"href":"https:\/\/hoverlinkontario.com\/fr\/wp-json\/wp\/v2\/pages\/7327\/revisions\/11397"}],"wp:attachment":[{"href":"https:\/\/hoverlinkontario.com\/fr\/wp-json\/wp\/v2\/media?parent=7327"}],"curies":[{"name":"wp","href":"https:\/\/api.w.org\/{rel}","templated":true}]}}